{"id":18954,"date":"2024-10-09T15:57:27","date_gmt":"2024-10-09T18:57:27","guid":{"rendered":"https:\/\/minhaterralegal.com.br\/site\/?page_id=18954"},"modified":"2024-11-28T14:35:31","modified_gmt":"2024-11-28T17:35:31","slug":"servico-geo","status":"publish","type":"page","link":"https:\/\/minhaterralegal.com.br\/site\/servico-geo\/","title":{"rendered":"Servi\u00e7o geo"},"content":{"rendered":"\t\t<div data-elementor-type=\"wp-page\" data-elementor-id=\"18954\" class=\"elementor elementor-18954\" data-elementor-post-type=\"page\">\n\t\t\t\t<div class=\"elementor-element elementor-element-970cc7d e-flex e-con-boxed wpr-particle-no wpr-jarallax-no wpr-parallax-no wpr-sticky-section-no e-con e-parent\" data-id=\"970cc7d\" data-element_type=\"container\">\n\t\t\t\t\t<div class=\"e-con-inner\">\n\t\t\t\t\t<\/div>\n\t\t\t\t<\/div>\n\t\t<div class=\"elementor-element elementor-element-fd72d7a e-flex e-con-boxed wpr-particle-no wpr-jarallax-no wpr-parallax-no wpr-sticky-section-no e-con e-parent\" data-id=\"fd72d7a\" data-element_type=\"container\" data-settings=\"{&quot;background_background&quot;:&quot;classic&quot;}\">\n\t\t\t\t\t<div class=\"e-con-inner\">\n\t\t\t\t<div class=\"elementor-element elementor-element-ff18321 elementor-widget elementor-widget-heading\" data-id=\"ff18321\" data-element_type=\"widget\" data-widget_type=\"heading.default\">\n\t\t\t\t<div class=\"elementor-widget-container\">\n\t\t\t<h2 class=\"elementor-heading-title elementor-size-default\">GEO INTELIG\u00caNCIA PARA CIDADES<\/h2>\t\t<\/div>\n\t\t\t\t<\/div>\n\t\t<div class=\"elementor-element elementor-element-e3d086c e-con-full elementor-hidden-mobile e-flex wpr-particle-no wpr-jarallax-no wpr-parallax-no wpr-sticky-section-no e-con e-child\" data-id=\"e3d086c\" data-element_type=\"container\">\n\t\t\t\t<div class=\"elementor-element elementor-element-ae2bebb elementor-widget__width-initial elementor-widget elementor-widget-button\" data-id=\"ae2bebb\" data-element_type=\"widget\" data-widget_type=\"button.default\">\n\t\t\t\t<div class=\"elementor-widget-container\">\n\t\t\t\t\t<div class=\"elementor-button-wrapper\">\n\t\t\t<a class=\"elementor-button elementor-button-link elementor-size-sm\" href=\"#\">\n\t\t\t\t\t\t<span class=\"elementor-button-content-wrapper\">\n\t\t\t\t\t\t<span class=\"elementor-button-icon\">\n\t\t\t\t<svg aria-hidden=\"true\" class=\"e-font-icon-svg e-fas-angle-right\" viewBox=\"0 0 256 512\" xmlns=\"http:\/\/www.w3.org\/2000\/svg\"><path d=\"M224.3 273l-136 136c-9.4 9.4-24.6 9.4-33.9 0l-22.6-22.6c-9.4-9.4-9.4-24.6 0-33.9l96.4-96.4-96.4-96.4c-9.4-9.4-9.4-24.6 0-33.9L54.3 103c9.4-9.4 24.6-9.4 33.9 0l136 136c9.5 9.4 9.5 24.6.1 34z\"><\/path><\/svg>\t\t\t<\/span>\n\t\t\t\t\t\t\t\t\t<span class=\"elementor-button-text\">Home<\/span>\n\t\t\t\t\t<\/span>\n\t\t\t\t\t<\/a>\n\t\t<\/div>\n\t\t\t\t<\/div>\n\t\t\t\t<\/div>\n\t\t\t\t<div class=\"elementor-element elementor-element-46742ff elementor-widget__width-initial elementor-widget elementor-widget-button\" data-id=\"46742ff\" data-element_type=\"widget\" data-widget_type=\"button.default\">\n\t\t\t\t<div class=\"elementor-widget-container\">\n\t\t\t\t\t<div class=\"elementor-button-wrapper\">\n\t\t\t<a class=\"elementor-button elementor-button-link elementor-size-sm\" href=\"#\">\n\t\t\t\t\t\t<span class=\"elementor-button-content-wrapper\">\n\t\t\t\t\t\t<span class=\"elementor-button-icon\">\n\t\t\t\t<svg aria-hidden=\"true\" class=\"e-font-icon-svg e-fas-angle-right\" viewBox=\"0 0 256 512\" xmlns=\"http:\/\/www.w3.org\/2000\/svg\"><path d=\"M224.3 273l-136 136c-9.4 9.4-24.6 9.4-33.9 0l-22.6-22.6c-9.4-9.4-9.4-24.6 0-33.9l96.4-96.4-96.4-96.4c-9.4-9.4-9.4-24.6 0-33.9L54.3 103c9.4-9.4 24.6-9.4 33.9 0l136 136c9.5 9.4 9.5 24.6.1 34z\"><\/path><\/svg>\t\t\t<\/span>\n\t\t\t\t\t\t\t\t\t<span class=\"elementor-button-text\">Services<\/span>\n\t\t\t\t\t<\/span>\n\t\t\t\t\t<\/a>\n\t\t<\/div>\n\t\t\t\t<\/div>\n\t\t\t\t<\/div>\n\t\t\t\t<div class=\"elementor-element elementor-element-2ba8623 elementor-widget__width-initial elementor-widget elementor-widget-button\" data-id=\"2ba8623\" data-element_type=\"widget\" data-widget_type=\"button.default\">\n\t\t\t\t<div class=\"elementor-widget-container\">\n\t\t\t\t\t<div class=\"elementor-button-wrapper\">\n\t\t\t<a class=\"elementor-button elementor-button-link elementor-size-sm\" href=\"#\">\n\t\t\t\t\t\t<span class=\"elementor-button-content-wrapper\">\n\t\t\t\t\t\t\t\t\t<span class=\"elementor-button-text\">GEO INTELIG\u00caNCIA PARA CIDADES<\/span>\n\t\t\t\t\t<\/span>\n\t\t\t\t\t<\/a>\n\t\t<\/div>\n\t\t\t\t<\/div>\n\t\t\t\t<\/div>\n\t\t\t\t<\/div>\n\t\t\t\t\t<\/div>\n\t\t\t\t<\/div>\n\t\t<div class=\"elementor-element elementor-element-4c95f11 e-flex e-con-boxed wpr-particle-no wpr-jarallax-no wpr-parallax-no wpr-sticky-section-no e-con e-parent\" data-id=\"4c95f11\" data-element_type=\"container\">\n\t\t\t\t\t<div class=\"e-con-inner\">\n\t\t<div class=\"elementor-element elementor-element-067739c e-con-full e-flex wpr-particle-no wpr-jarallax-no wpr-parallax-no wpr-sticky-section-no e-con e-child\" data-id=\"067739c\" data-element_type=\"container\">\n\t\t<div class=\"elementor-element elementor-element-1151be1 e-con-full e-flex wpr-particle-no wpr-jarallax-no wpr-parallax-no wpr-sticky-section-no e-con e-child\" data-id=\"1151be1\" data-element_type=\"container\" data-settings=\"{&quot;background_background&quot;:&quot;classic&quot;}\">\n\t\t\t\t<div class=\"elementor-element elementor-element-22b4ffd elementor-widget elementor-widget-heading\" data-id=\"22b4ffd\" data-element_type=\"widget\" data-widget_type=\"heading.default\">\n\t\t\t\t<div class=\"elementor-widget-container\">\n\t\t\t<div class=\"elementor-heading-title elementor-size-default\">Nossos Servi\u00e7os<\/div>\t\t<\/div>\n\t\t\t\t<\/div>\n\t\t\t\t<div class=\"elementor-element elementor-element-d9aeaa6 elementor-widget elementor-widget-spacer\" data-id=\"d9aeaa6\" data-element_type=\"widget\" data-widget_type=\"spacer.default\">\n\t\t\t\t<div class=\"elementor-widget-container\">\n\t\t\t\t\t<div class=\"elementor-spacer\">\n\t\t\t<div class=\"elementor-spacer-inner\"><\/div>\n\t\t<\/div>\n\t\t\t\t<\/div>\n\t\t\t\t<\/div>\n\t\t\t\t<div class=\"elementor-element elementor-element-f8ad3f1 elementor-align-justify elementor-widget__width-inherit elementor-widget elementor-widget-button\" data-id=\"f8ad3f1\" data-element_type=\"widget\" data-widget_type=\"button.default\">\n\t\t\t\t<div class=\"elementor-widget-container\">\n\t\t\t\t\t<div class=\"elementor-button-wrapper\">\n\t\t\t<a class=\"elementor-button elementor-button-link elementor-size-sm\" href=\"\/site\/servico-reurb\">\n\t\t\t\t\t\t<span class=\"elementor-button-content-wrapper\">\n\t\t\t\t\t\t\t\t\t<span class=\"elementor-button-text\">REURB<\/span>\n\t\t\t\t\t<\/span>\n\t\t\t\t\t<\/a>\n\t\t<\/div>\n\t\t\t\t<\/div>\n\t\t\t\t<\/div>\n\t\t\t\t<div class=\"elementor-element elementor-element-074bc21 elementor-align-justify elementor-widget__width-inherit elementor-widget elementor-widget-button\" data-id=\"074bc21\" data-element_type=\"widget\" data-widget_type=\"button.default\">\n\t\t\t\t<div class=\"elementor-widget-container\">\n\t\t\t\t\t<div class=\"elementor-button-wrapper\">\n\t\t\t<a class=\"elementor-button elementor-button-link elementor-size-sm\" href=\"\/site\/servico-geo\">\n\t\t\t\t\t\t<span class=\"elementor-button-content-wrapper\">\n\t\t\t\t\t\t\t\t\t<span class=\"elementor-button-text\">GEO INTELIG\u00caNCIA<\/span>\n\t\t\t\t\t<\/span>\n\t\t\t\t\t<\/a>\n\t\t<\/div>\n\t\t\t\t<\/div>\n\t\t\t\t<\/div>\n\t\t\t\t<div class=\"elementor-element elementor-element-865a321 elementor-align-justify elementor-widget__width-inherit elementor-widget elementor-widget-button\" data-id=\"865a321\" data-element_type=\"widget\" data-widget_type=\"button.default\">\n\t\t\t\t<div class=\"elementor-widget-container\">\n\t\t\t\t\t<div class=\"elementor-button-wrapper\">\n\t\t\t<a class=\"elementor-button elementor-button-link elementor-size-sm\" href=\"\/site\/servico-ater\">\n\t\t\t\t\t\t<span class=\"elementor-button-content-wrapper\">\n\t\t\t\t\t\t\t\t\t<span class=\"elementor-button-text\">ATER<\/span>\n\t\t\t\t\t<\/span>\n\t\t\t\t\t<\/a>\n\t\t<\/div>\n\t\t\t\t<\/div>\n\t\t\t\t<\/div>\n\t\t\t\t<\/div>\n\t\t\t\t<div class=\"elementor-element elementor-element-f3a0939 elementor-widget elementor-widget-spacer\" data-id=\"f3a0939\" data-element_type=\"widget\" data-widget_type=\"spacer.default\">\n\t\t\t\t<div class=\"elementor-widget-container\">\n\t\t\t\t\t<div class=\"elementor-spacer\">\n\t\t\t<div class=\"elementor-spacer-inner\"><\/div>\n\t\t<\/div>\n\t\t\t\t<\/div>\n\t\t\t\t<\/div>\n\t\t<div class=\"elementor-element elementor-element-123f7f1 e-con-full e-flex wpr-particle-no wpr-jarallax-no wpr-parallax-no wpr-sticky-section-no e-con e-child\" data-id=\"123f7f1\" data-element_type=\"container\" data-settings=\"{&quot;background_background&quot;:&quot;gradient&quot;}\">\n\t\t\t\t<div class=\"elementor-element elementor-element-6d7c8a7 elementor-widget elementor-widget-heading\" data-id=\"6d7c8a7\" data-element_type=\"widget\" data-widget_type=\"heading.default\">\n\t\t\t\t<div class=\"elementor-widget-container\">\n\t\t\t<div class=\"elementor-heading-title elementor-size-default\">Ficou alguma d\u00favida ?\n\nFale conosco aqui!<\/div>\t\t<\/div>\n\t\t\t\t<\/div>\n\t\t\t\t<div class=\"elementor-element elementor-element-9d6895c elementor-widget elementor-widget-spacer\" data-id=\"9d6895c\" data-element_type=\"widget\" data-widget_type=\"spacer.default\">\n\t\t\t\t<div class=\"elementor-widget-container\">\n\t\t\t\t\t<div class=\"elementor-spacer\">\n\t\t\t<div class=\"elementor-spacer-inner\"><\/div>\n\t\t<\/div>\n\t\t\t\t<\/div>\n\t\t\t\t<\/div>\n\t\t\t\t<div class=\"elementor-element elementor-element-df2c665 elementor-align-justify elementor-widget__width-inherit elementor-widget elementor-widget-button\" data-id=\"df2c665\" data-element_type=\"widget\" data-widget_type=\"button.default\">\n\t\t\t\t<div class=\"elementor-widget-container\">\n\t\t\t\t\t<div class=\"elementor-button-wrapper\">\n\t\t\t<a class=\"elementor-button elementor-button-link elementor-size-sm\" href=\"\/site\/contato\">\n\t\t\t\t\t\t<span class=\"elementor-button-content-wrapper\">\n\t\t\t\t\t\t\t\t\t<span class=\"elementor-button-text\">Nossos Contatos<\/span>\n\t\t\t\t\t<\/span>\n\t\t\t\t\t<\/a>\n\t\t<\/div>\n\t\t\t\t<\/div>\n\t\t\t\t<\/div>\n\t\t\t\t<\/div>\n\t\t\t\t<\/div>\n\t\t<div class=\"elementor-element elementor-element-7b42b4e e-con-full e-flex wpr-particle-no wpr-jarallax-no wpr-parallax-no wpr-sticky-section-no e-con e-child\" data-id=\"7b42b4e\" data-element_type=\"container\">\n\t\t\t\t<div class=\"elementor-element elementor-element-e00f1d8 elementor-widget elementor-widget-text-editor\" data-id=\"e00f1d8\" data-element_type=\"widget\" data-widget_type=\"text-editor.default\">\n\t\t\t\t<div class=\"elementor-widget-container\">\n\t\t\t\t\t\t\t<p><strong>Cadastro Multifinalit\u00e1rio<\/strong><\/p><p>O Cadastro Territorial \u00e9 uma ferramenta que visa fornecer informa\u00e7\u00f5es indispens\u00e1veis ao conhecimento do territ\u00f3rio, produzindo uma s\u00e9rie de possibilidades de aplica\u00e7\u00e3o dessas informa\u00e7\u00f5es, desde a atualiza\u00e7\u00e3o da cartografia do munic\u00edpio, passando pela tributa\u00e7\u00e3o (gerando um aumento das receitas pr\u00f3prias), at\u00e9 o ordenamento territorial. Dessa forma, a integra\u00e7\u00e3o de dados e o acesso compartilhado pelos diversos segmentos da administra\u00e7\u00e3o municipal permitem a an\u00e1lise dessas informa\u00e7\u00f5es nas mais variadas perspectivas tem\u00e1ticas, tais como o cadastro tribut\u00e1rio, a base de dados do sistema de sa\u00fade e educa\u00e7\u00e3o, o cadastro de logradouros, o cadastro de \u00e1reas verdes e p\u00fablicas, a determina\u00e7\u00e3o dos limites das propriedades urbanas, acompanhamento das pol\u00edticas p\u00fablicas e servi\u00e7os aos cidad\u00e3os.<\/p><p><strong>APP Servi\u00e7os ao Cidad\u00e3o<\/strong><\/p><p>Por meio de APP simplificado, o mun\u00edcipe anexa fotos, v\u00eddeos, \u00e1udios e localiza\u00e7\u00e3o, no momento da solicita\u00e7\u00e3o de servi\u00e7os p\u00fablicos, que podem ser: poda de \u00e1rvore, tapa-buraco, entulho, dengue, ilumina\u00e7\u00e3o e outros.<\/p><p><strong>PLANTA GEN\u00c9RICA DE VALORES \u2013 PGV<\/strong><\/p><p>A Planta Gen\u00e9rica de Valores (PGV) \u00e9 o instrumento legal no qual est\u00e3o estabelecidos os valores unit\u00e1rios de metro quadrado de terreno e de constru\u00e7\u00e3o do munic\u00edpio, que possibilita obter o valor venal dos im\u00f3veis.<\/p><p>Os servi\u00e7os de atualiza\u00e7\u00e3o da Planta Gen\u00e9rica de Valores prestados pela Legaliza Brasil, v\u00e3o potencializar a arrecada\u00e7\u00e3o tribut\u00e1ria a partir da eficiente avalia\u00e7\u00e3o de im\u00f3veis (terrenos e edifica\u00e7\u00f5es) com m\u00e9todos que garantam a equidade e a justi\u00e7a tribut\u00e1ria por meio da moderniza\u00e7\u00e3o da gest\u00e3o municipal com o uso de geotecnologias, al\u00e9m de garantir uma verdadeira justi\u00e7a social na cobran\u00e7a tribut\u00e1ria, beneficiando as fam\u00edlias de baixa renda.<\/p>\t\t\t\t\t\t<\/div>\n\t\t\t\t<\/div>\n\t\t\t\t<div class=\"elementor-element elementor-element-7dd30a5 elementor-widget elementor-widget-image\" data-id=\"7dd30a5\" data-element_type=\"widget\" data-widget_type=\"image.default\">\n\t\t\t\t<div class=\"elementor-widget-container\">\n\t\t\t\t\t\t\t\t\t\t\t\t\t<img fetchpriority=\"high\" decoding=\"async\" width=\"800\" height=\"463\" src=\"https:\/\/minhaterralegal.com.br\/site\/wp-content\/uploads\/2024\/11\/mapa-1024x592.jpg\" class=\"elementor-animation-grow attachment-large size-large wp-image-19253\" alt=\"\" srcset=\"https:\/\/minhaterralegal.com.br\/site\/wp-content\/uploads\/2024\/11\/mapa-1024x592.jpg 1024w, https:\/\/minhaterralegal.com.br\/site\/wp-content\/uploads\/2024\/11\/mapa-300x173.jpg 300w, https:\/\/minhaterralegal.com.br\/site\/wp-content\/uploads\/2024\/11\/mapa-768x444.jpg 768w, https:\/\/minhaterralegal.com.br\/site\/wp-content\/uploads\/2024\/11\/mapa-1536x888.jpg 1536w, https:\/\/minhaterralegal.com.br\/site\/wp-content\/uploads\/2024\/11\/mapa-2048x1184.jpg 2048w\" sizes=\"(max-width: 800px) 100vw, 800px\" \/>\t\t\t\t\t\t\t\t\t\t\t\t\t<\/div>\n\t\t\t\t<\/div>\n\t\t\t\t<\/div>\n\t\t\t\t\t<\/div>\n\t\t\t\t<\/div>\n\t\t<div class=\"elementor-element elementor-element-08fb08c e-flex e-con-boxed wpr-particle-no wpr-jarallax-no wpr-parallax-no wpr-sticky-section-no e-con e-parent\" data-id=\"08fb08c\" data-element_type=\"container\">\n\t\t\t\t\t<div class=\"e-con-inner\">\n\t\t\t\t\t<\/div>\n\t\t\t\t<\/div>\n\t\t\t\t<\/div>\n\t\t","protected":false},"excerpt":{"rendered":"<p>GEO INTELIG\u00caNCIA PARA CIDADES Home Services GEO INTELIG\u00caNCIA PARA CIDADES Nossos Servi\u00e7os REURB GEO INTELIG\u00caNCIA ATER Ficou alguma d\u00favida ? Fale conosco aqui! Nossos Contatos Cadastro Multifinalit\u00e1rio O Cadastro Territorial \u00e9 uma ferramenta que visa fornecer informa\u00e7\u00f5es indispens\u00e1veis ao conhecimento do territ\u00f3rio, produzindo uma s\u00e9rie de possibilidades de aplica\u00e7\u00e3o dessas informa\u00e7\u00f5es, desde a atualiza\u00e7\u00e3o da cartografia do munic\u00edpio, passando pela tributa\u00e7\u00e3o (gerando um aumento das receitas pr\u00f3prias), at\u00e9 o ordenamento territorial. Dessa forma, a integra\u00e7\u00e3o de dados e o acesso compartilhado pelos diversos segmentos da administra\u00e7\u00e3o municipal permitem a an\u00e1lise dessas informa\u00e7\u00f5es nas mais variadas perspectivas tem\u00e1ticas, tais como o cadastro tribut\u00e1rio, a base de dados do sistema de sa\u00fade e educa\u00e7\u00e3o, o cadastro de logradouros, o cadastro de \u00e1reas verdes e p\u00fablicas, a determina\u00e7\u00e3o dos limites das propriedades urbanas, acompanhamento das pol\u00edticas p\u00fablicas e servi\u00e7os aos cidad\u00e3os. APP Servi\u00e7os ao Cidad\u00e3o Por meio de APP simplificado, o mun\u00edcipe anexa fotos, v\u00eddeos, \u00e1udios e localiza\u00e7\u00e3o, no momento da solicita\u00e7\u00e3o de servi\u00e7os p\u00fablicos, que podem ser: poda de \u00e1rvore, tapa-buraco, entulho, dengue, ilumina\u00e7\u00e3o e outros. PLANTA GEN\u00c9RICA DE VALORES \u2013 PGV A Planta Gen\u00e9rica de Valores (PGV) \u00e9 o instrumento legal no qual est\u00e3o estabelecidos os valores unit\u00e1rios de metro quadrado de terreno e de constru\u00e7\u00e3o do munic\u00edpio, que possibilita obter o valor venal dos im\u00f3veis. Os servi\u00e7os de atualiza\u00e7\u00e3o da Planta Gen\u00e9rica de Valores prestados pela Legaliza Brasil, v\u00e3o potencializar a arrecada\u00e7\u00e3o tribut\u00e1ria a partir da eficiente avalia\u00e7\u00e3o de im\u00f3veis (terrenos e edifica\u00e7\u00f5es) com m\u00e9todos que garantam a equidade e a justi\u00e7a tribut\u00e1ria por meio da moderniza\u00e7\u00e3o da gest\u00e3o municipal com o uso de geotecnologias, al\u00e9m de garantir uma verdadeira justi\u00e7a social na cobran\u00e7a tribut\u00e1ria, beneficiando as fam\u00edlias de baixa renda.<\/p>\n","protected":false},"author":2,"featured_media":0,"parent":0,"menu_order":0,"comment_status":"closed","ping_status":"closed","template":"elementor_header_footer","meta":{"_eb_attr":"","footnotes":""},"class_list":["post-18954","page","type-page","status-publish","hentry"],"_links":{"self":[{"href":"https:\/\/minhaterralegal.com.br\/site\/wp-json\/wp\/v2\/pages\/18954","targetHints":{"allow":["GET"]}}],"collection":[{"href":"https:\/\/minhaterralegal.com.br\/site\/wp-json\/wp\/v2\/pages"}],"about":[{"href":"https:\/\/minhaterralegal.com.br\/site\/wp-json\/wp\/v2\/types\/page"}],"author":[{"embeddable":true,"href":"https:\/\/minhaterralegal.com.br\/site\/wp-json\/wp\/v2\/users\/2"}],"replies":[{"embeddable":true,"href":"https:\/\/minhaterralegal.com.br\/site\/wp-json\/wp\/v2\/comments?post=18954"}],"version-history":[{"count":12,"href":"https:\/\/minhaterralegal.com.br\/site\/wp-json\/wp\/v2\/pages\/18954\/revisions"}],"predecessor-version":[{"id":19256,"href":"https:\/\/minhaterralegal.com.br\/site\/wp-json\/wp\/v2\/pages\/18954\/revisions\/19256"}],"wp:attachment":[{"href":"https:\/\/minhaterralegal.com.br\/site\/wp-json\/wp\/v2\/media?parent=18954"}],"curies":[{"name":"wp","href":"https:\/\/api.w.org\/{rel}","templated":true}]}}