{"id":18979,"date":"2024-10-09T16:18:31","date_gmt":"2024-10-09T19:18:31","guid":{"rendered":"https:\/\/minhaterralegal.com.br\/site\/?page_id=18979"},"modified":"2024-12-02T14:54:04","modified_gmt":"2024-12-02T17:54:04","slug":"equipe","status":"publish","type":"page","link":"https:\/\/minhaterralegal.com.br\/site\/equipe\/","title":{"rendered":"Equipe"},"content":{"rendered":"\t\t<div data-elementor-type=\"wp-page\" data-elementor-id=\"18979\" class=\"elementor elementor-18979\" data-elementor-post-type=\"page\">\n\t\t\t\t<div class=\"elementor-element elementor-element-598ac99 e-flex e-con-boxed wpr-particle-no wpr-jarallax-no wpr-parallax-no wpr-sticky-section-no e-con e-parent\" data-id=\"598ac99\" data-element_type=\"container\">\n\t\t\t\t\t<div class=\"e-con-inner\">\n\t\t\t\t\t<\/div>\n\t\t\t\t<\/div>\n\t\t<div class=\"elementor-element elementor-element-af38337 e-flex e-con-boxed wpr-particle-no wpr-jarallax-no wpr-parallax-no wpr-sticky-section-no e-con e-parent\" data-id=\"af38337\" data-element_type=\"container\" data-settings=\"{&quot;background_background&quot;:&quot;classic&quot;}\">\n\t\t\t\t\t<div class=\"e-con-inner\">\n\t\t\t\t<div class=\"elementor-element elementor-element-5e69f1a elementor-widget elementor-widget-heading\" data-id=\"5e69f1a\" data-element_type=\"widget\" data-widget_type=\"heading.default\">\n\t\t\t\t<div class=\"elementor-widget-container\">\n\t\t\t<h2 class=\"elementor-heading-title elementor-size-default\">Equipe<\/h2>\t\t<\/div>\n\t\t\t\t<\/div>\n\t\t\t\t<div class=\"elementor-element elementor-element-da7f979 elementor-widget__width-initial elementor-widget elementor-widget-text-editor\" data-id=\"da7f979\" data-element_type=\"widget\" data-widget_type=\"text-editor.default\">\n\t\t\t\t<div class=\"elementor-widget-container\">\n\t\t\t\t\t\t\t<p>Contamos hoje com um corpo t\u00e9cnico composto por mais de 90 profissionais, nas mais diversas \u00e1reas de conhecimento que permitem uma presta\u00e7\u00e3o de servi\u00e7o multifinalit\u00e1rio e transdiciplinar.<\/p>\t\t\t\t\t\t<\/div>\n\t\t\t\t<\/div>\n\t\t\t\t\t<\/div>\n\t\t\t\t<\/div>\n\t\t<div class=\"elementor-element elementor-element-104e710 e-flex e-con-boxed wpr-particle-no wpr-jarallax-no wpr-parallax-no wpr-sticky-section-no e-con e-parent\" data-id=\"104e710\" data-element_type=\"container\">\n\t\t\t\t\t<div class=\"e-con-inner\">\n\t\t\t\t<div class=\"elementor-element elementor-element-6a8b923 elementor-widget elementor-widget-image\" data-id=\"6a8b923\" data-element_type=\"widget\" data-widget_type=\"image.default\">\n\t\t\t\t<div class=\"elementor-widget-container\">\n\t\t\t\t\t\t\t\t\t\t\t\t\t<img fetchpriority=\"high\" decoding=\"async\" width=\"2048\" height=\"846\" src=\"https:\/\/minhaterralegal.com.br\/site\/wp-content\/uploads\/2024\/12\/organograma-de-cargos-2048x846.png\" class=\"attachment-2048x2048 size-2048x2048 wp-image-19265\" alt=\"\" srcset=\"https:\/\/minhaterralegal.com.br\/site\/wp-content\/uploads\/2024\/12\/organograma-de-cargos-2048x846.png 2048w, https:\/\/minhaterralegal.com.br\/site\/wp-content\/uploads\/2024\/12\/organograma-de-cargos-300x124.png 300w, https:\/\/minhaterralegal.com.br\/site\/wp-content\/uploads\/2024\/12\/organograma-de-cargos-1024x423.png 1024w, https:\/\/minhaterralegal.com.br\/site\/wp-content\/uploads\/2024\/12\/organograma-de-cargos-768x317.png 768w, https:\/\/minhaterralegal.com.br\/site\/wp-content\/uploads\/2024\/12\/organograma-de-cargos-1536x635.png 1536w\" sizes=\"(max-width: 2048px) 100vw, 2048px\" \/>\t\t\t\t\t\t\t\t\t\t\t\t\t<\/div>\n\t\t\t\t<\/div>\n\t\t\t\t\t<\/div>\n\t\t\t\t<\/div>\n\t\t\t\t<\/div>\n\t\t","protected":false},"excerpt":{"rendered":"<p>Equipe Contamos hoje com um corpo t\u00e9cnico composto por mais de 90 profissionais, nas mais diversas \u00e1reas de conhecimento que permitem uma presta\u00e7\u00e3o de servi\u00e7o multifinalit\u00e1rio e transdiciplinar.<\/p>\n","protected":false},"author":2,"featured_media":0,"parent":0,"menu_order":0,"comment_status":"closed","ping_status":"closed","template":"elementor_header_footer","meta":{"_eb_attr":"","footnotes":""},"class_list":["post-18979","page","type-page","status-publish","hentry"],"_links":{"self":[{"href":"https:\/\/minhaterralegal.com.br\/site\/wp-json\/wp\/v2\/pages\/18979","targetHints":{"allow":["GET"]}}],"collection":[{"href":"https:\/\/minhaterralegal.com.br\/site\/wp-json\/wp\/v2\/pages"}],"about":[{"href":"https:\/\/minhaterralegal.com.br\/site\/wp-json\/wp\/v2\/types\/page"}],"author":[{"embeddable":true,"href":"https:\/\/minhaterralegal.com.br\/site\/wp-json\/wp\/v2\/users\/2"}],"replies":[{"embeddable":true,"href":"https:\/\/minhaterralegal.com.br\/site\/wp-json\/wp\/v2\/comments?post=18979"}],"version-history":[{"count":34,"href":"https:\/\/minhaterralegal.com.br\/site\/wp-json\/wp\/v2\/pages\/18979\/revisions"}],"predecessor-version":[{"id":19282,"href":"https:\/\/minhaterralegal.com.br\/site\/wp-json\/wp\/v2\/pages\/18979\/revisions\/19282"}],"wp:attachment":[{"href":"https:\/\/minhaterralegal.com.br\/site\/wp-json\/wp\/v2\/media?parent=18979"}],"curies":[{"name":"wp","href":"https:\/\/api.w.org\/{rel}","templated":true}]}}