{"id":29,"date":"2024-10-02T08:23:38","date_gmt":"2024-10-02T11:23:38","guid":{"rendered":"https:\/\/minhaterralegal.com.br\/site\/?page_id=29"},"modified":"2024-10-09T16:08:51","modified_gmt":"2024-10-09T19:08:51","slug":"servico-ater","status":"publish","type":"page","link":"https:\/\/minhaterralegal.com.br\/site\/servico-ater\/","title":{"rendered":"Servi\u00e7o ater"},"content":{"rendered":"\t\t<div data-elementor-type=\"wp-page\" data-elementor-id=\"29\" class=\"elementor elementor-29\" data-elementor-post-type=\"page\">\n\t\t\t\t<div class=\"elementor-element elementor-element-970cc7d e-flex e-con-boxed wpr-particle-no wpr-jarallax-no wpr-parallax-no wpr-sticky-section-no e-con e-parent\" data-id=\"970cc7d\" data-element_type=\"container\">\n\t\t\t\t\t<div class=\"e-con-inner\">\n\t\t\t\t\t<\/div>\n\t\t\t\t<\/div>\n\t\t<div class=\"elementor-element elementor-element-fd72d7a e-flex e-con-boxed wpr-particle-no wpr-jarallax-no wpr-parallax-no wpr-sticky-section-no e-con e-parent\" data-id=\"fd72d7a\" data-element_type=\"container\" data-settings=\"{&quot;background_background&quot;:&quot;classic&quot;}\">\n\t\t\t\t\t<div class=\"e-con-inner\">\n\t\t\t\t<div class=\"elementor-element elementor-element-ff18321 elementor-widget elementor-widget-heading\" data-id=\"ff18321\" data-element_type=\"widget\" data-widget_type=\"heading.default\">\n\t\t\t\t<div class=\"elementor-widget-container\">\n\t\t\t<h2 class=\"elementor-heading-title elementor-size-default\">ASSIST\u00caNCIA T\u00c9CNICA E EXTENS\u00c3O RURAL \u2013 ATER<\/h2>\t\t<\/div>\n\t\t\t\t<\/div>\n\t\t<div class=\"elementor-element elementor-element-e3d086c e-con-full elementor-hidden-mobile e-flex wpr-particle-no wpr-jarallax-no wpr-parallax-no wpr-sticky-section-no e-con e-child\" data-id=\"e3d086c\" data-element_type=\"container\">\n\t\t\t\t<div class=\"elementor-element elementor-element-ae2bebb elementor-widget__width-initial elementor-widget elementor-widget-button\" data-id=\"ae2bebb\" data-element_type=\"widget\" data-widget_type=\"button.default\">\n\t\t\t\t<div class=\"elementor-widget-container\">\n\t\t\t\t\t<div class=\"elementor-button-wrapper\">\n\t\t\t<a class=\"elementor-button elementor-button-link elementor-size-sm\" href=\"#\">\n\t\t\t\t\t\t<span class=\"elementor-button-content-wrapper\">\n\t\t\t\t\t\t<span class=\"elementor-button-icon\">\n\t\t\t\t<svg aria-hidden=\"true\" class=\"e-font-icon-svg e-fas-angle-right\" viewBox=\"0 0 256 512\" xmlns=\"http:\/\/www.w3.org\/2000\/svg\"><path d=\"M224.3 273l-136 136c-9.4 9.4-24.6 9.4-33.9 0l-22.6-22.6c-9.4-9.4-9.4-24.6 0-33.9l96.4-96.4-96.4-96.4c-9.4-9.4-9.4-24.6 0-33.9L54.3 103c9.4-9.4 24.6-9.4 33.9 0l136 136c9.5 9.4 9.5 24.6.1 34z\"><\/path><\/svg>\t\t\t<\/span>\n\t\t\t\t\t\t\t\t\t<span class=\"elementor-button-text\">Home<\/span>\n\t\t\t\t\t<\/span>\n\t\t\t\t\t<\/a>\n\t\t<\/div>\n\t\t\t\t<\/div>\n\t\t\t\t<\/div>\n\t\t\t\t<div class=\"elementor-element elementor-element-46742ff elementor-widget__width-initial elementor-widget elementor-widget-button\" data-id=\"46742ff\" data-element_type=\"widget\" data-widget_type=\"button.default\">\n\t\t\t\t<div class=\"elementor-widget-container\">\n\t\t\t\t\t<div class=\"elementor-button-wrapper\">\n\t\t\t<a class=\"elementor-button elementor-button-link elementor-size-sm\" href=\"#\">\n\t\t\t\t\t\t<span class=\"elementor-button-content-wrapper\">\n\t\t\t\t\t\t<span class=\"elementor-button-icon\">\n\t\t\t\t<svg aria-hidden=\"true\" class=\"e-font-icon-svg e-fas-angle-right\" viewBox=\"0 0 256 512\" xmlns=\"http:\/\/www.w3.org\/2000\/svg\"><path d=\"M224.3 273l-136 136c-9.4 9.4-24.6 9.4-33.9 0l-22.6-22.6c-9.4-9.4-9.4-24.6 0-33.9l96.4-96.4-96.4-96.4c-9.4-9.4-9.4-24.6 0-33.9L54.3 103c9.4-9.4 24.6-9.4 33.9 0l136 136c9.5 9.4 9.5 24.6.1 34z\"><\/path><\/svg>\t\t\t<\/span>\n\t\t\t\t\t\t\t\t\t<span class=\"elementor-button-text\">Services<\/span>\n\t\t\t\t\t<\/span>\n\t\t\t\t\t<\/a>\n\t\t<\/div>\n\t\t\t\t<\/div>\n\t\t\t\t<\/div>\n\t\t\t\t<div class=\"elementor-element elementor-element-2ba8623 elementor-widget__width-initial elementor-widget elementor-widget-button\" data-id=\"2ba8623\" data-element_type=\"widget\" data-widget_type=\"button.default\">\n\t\t\t\t<div class=\"elementor-widget-container\">\n\t\t\t\t\t<div class=\"elementor-button-wrapper\">\n\t\t\t<a class=\"elementor-button elementor-button-link elementor-size-sm\" href=\"#\">\n\t\t\t\t\t\t<span class=\"elementor-button-content-wrapper\">\n\t\t\t\t\t\t\t\t\t<span class=\"elementor-button-text\">ASSIST\u00caNCIA T\u00c9CNICA E EXTENS\u00c3O RURAL \u2013 ATER<\/span>\n\t\t\t\t\t<\/span>\n\t\t\t\t\t<\/a>\n\t\t<\/div>\n\t\t\t\t<\/div>\n\t\t\t\t<\/div>\n\t\t\t\t<\/div>\n\t\t\t\t\t<\/div>\n\t\t\t\t<\/div>\n\t\t<div class=\"elementor-element elementor-element-4c95f11 e-flex e-con-boxed wpr-particle-no wpr-jarallax-no wpr-parallax-no wpr-sticky-section-no e-con e-parent\" data-id=\"4c95f11\" data-element_type=\"container\">\n\t\t\t\t\t<div class=\"e-con-inner\">\n\t\t<div class=\"elementor-element elementor-element-067739c e-con-full e-flex wpr-particle-no wpr-jarallax-no wpr-parallax-no wpr-sticky-section-no e-con e-child\" data-id=\"067739c\" data-element_type=\"container\">\n\t\t<div class=\"elementor-element elementor-element-1151be1 e-con-full e-flex wpr-particle-no wpr-jarallax-no wpr-parallax-no wpr-sticky-section-no e-con e-child\" data-id=\"1151be1\" data-element_type=\"container\" data-settings=\"{&quot;background_background&quot;:&quot;classic&quot;}\">\n\t\t\t\t<div class=\"elementor-element elementor-element-22b4ffd elementor-widget elementor-widget-heading\" data-id=\"22b4ffd\" data-element_type=\"widget\" data-widget_type=\"heading.default\">\n\t\t\t\t<div class=\"elementor-widget-container\">\n\t\t\t<div class=\"elementor-heading-title elementor-size-default\">Nossos Servi\u00e7os<\/div>\t\t<\/div>\n\t\t\t\t<\/div>\n\t\t\t\t<div class=\"elementor-element elementor-element-d9aeaa6 elementor-widget elementor-widget-spacer\" data-id=\"d9aeaa6\" data-element_type=\"widget\" data-widget_type=\"spacer.default\">\n\t\t\t\t<div class=\"elementor-widget-container\">\n\t\t\t\t\t<div class=\"elementor-spacer\">\n\t\t\t<div class=\"elementor-spacer-inner\"><\/div>\n\t\t<\/div>\n\t\t\t\t<\/div>\n\t\t\t\t<\/div>\n\t\t\t\t<div class=\"elementor-element elementor-element-f8ad3f1 elementor-align-justify elementor-widget__width-inherit elementor-widget elementor-widget-button\" data-id=\"f8ad3f1\" data-element_type=\"widget\" data-widget_type=\"button.default\">\n\t\t\t\t<div class=\"elementor-widget-container\">\n\t\t\t\t\t<div class=\"elementor-button-wrapper\">\n\t\t\t<a class=\"elementor-button elementor-button-link elementor-size-sm\" href=\"\/site\/servico-reurb\">\n\t\t\t\t\t\t<span class=\"elementor-button-content-wrapper\">\n\t\t\t\t\t\t\t\t\t<span class=\"elementor-button-text\">REURB<\/span>\n\t\t\t\t\t<\/span>\n\t\t\t\t\t<\/a>\n\t\t<\/div>\n\t\t\t\t<\/div>\n\t\t\t\t<\/div>\n\t\t\t\t<div class=\"elementor-element elementor-element-865a321 elementor-align-justify elementor-widget__width-inherit elementor-widget elementor-widget-button\" data-id=\"865a321\" data-element_type=\"widget\" data-widget_type=\"button.default\">\n\t\t\t\t<div class=\"elementor-widget-container\">\n\t\t\t\t\t<div class=\"elementor-button-wrapper\">\n\t\t\t<a class=\"elementor-button elementor-button-link elementor-size-sm\" href=\"\/site\/servico-geo\">\n\t\t\t\t\t\t<span class=\"elementor-button-content-wrapper\">\n\t\t\t\t\t\t\t\t\t<span class=\"elementor-button-text\">GEO INTELIG\u00caNCIA<\/span>\n\t\t\t\t\t<\/span>\n\t\t\t\t\t<\/a>\n\t\t<\/div>\n\t\t\t\t<\/div>\n\t\t\t\t<\/div>\n\t\t\t\t<div class=\"elementor-element elementor-element-074bc21 elementor-align-justify elementor-widget__width-inherit elementor-widget elementor-widget-button\" data-id=\"074bc21\" data-element_type=\"widget\" data-widget_type=\"button.default\">\n\t\t\t\t<div class=\"elementor-widget-container\">\n\t\t\t\t\t<div class=\"elementor-button-wrapper\">\n\t\t\t<a class=\"elementor-button elementor-button-link elementor-size-sm\" href=\"#\">\n\t\t\t\t\t\t<span class=\"elementor-button-content-wrapper\">\n\t\t\t\t\t\t\t\t\t<span class=\"elementor-button-text\">ATER<\/span>\n\t\t\t\t\t<\/span>\n\t\t\t\t\t<\/a>\n\t\t<\/div>\n\t\t\t\t<\/div>\n\t\t\t\t<\/div>\n\t\t\t\t<\/div>\n\t\t\t\t<div class=\"elementor-element elementor-element-f3a0939 elementor-widget elementor-widget-spacer\" data-id=\"f3a0939\" data-element_type=\"widget\" data-widget_type=\"spacer.default\">\n\t\t\t\t<div class=\"elementor-widget-container\">\n\t\t\t\t\t<div class=\"elementor-spacer\">\n\t\t\t<div class=\"elementor-spacer-inner\"><\/div>\n\t\t<\/div>\n\t\t\t\t<\/div>\n\t\t\t\t<\/div>\n\t\t<div class=\"elementor-element elementor-element-123f7f1 e-con-full e-flex wpr-particle-no wpr-jarallax-no wpr-parallax-no wpr-sticky-section-no e-con e-child\" data-id=\"123f7f1\" data-element_type=\"container\" data-settings=\"{&quot;background_background&quot;:&quot;gradient&quot;}\">\n\t\t\t\t<div class=\"elementor-element elementor-element-6d7c8a7 elementor-widget elementor-widget-heading\" data-id=\"6d7c8a7\" data-element_type=\"widget\" data-widget_type=\"heading.default\">\n\t\t\t\t<div class=\"elementor-widget-container\">\n\t\t\t<div class=\"elementor-heading-title elementor-size-default\">Ficou alguma d\u00favida ?\n\nFale conosco aqui!<\/div>\t\t<\/div>\n\t\t\t\t<\/div>\n\t\t\t\t<div class=\"elementor-element elementor-element-9d6895c elementor-widget elementor-widget-spacer\" data-id=\"9d6895c\" data-element_type=\"widget\" data-widget_type=\"spacer.default\">\n\t\t\t\t<div class=\"elementor-widget-container\">\n\t\t\t\t\t<div class=\"elementor-spacer\">\n\t\t\t<div class=\"elementor-spacer-inner\"><\/div>\n\t\t<\/div>\n\t\t\t\t<\/div>\n\t\t\t\t<\/div>\n\t\t\t\t<div class=\"elementor-element elementor-element-df2c665 elementor-align-justify elementor-widget__width-inherit elementor-widget elementor-widget-button\" data-id=\"df2c665\" data-element_type=\"widget\" data-widget_type=\"button.default\">\n\t\t\t\t<div class=\"elementor-widget-container\">\n\t\t\t\t\t<div class=\"elementor-button-wrapper\">\n\t\t\t<a class=\"elementor-button elementor-button-link elementor-size-sm\" href=\"\/site\/contato\">\n\t\t\t\t\t\t<span class=\"elementor-button-content-wrapper\">\n\t\t\t\t\t\t\t\t\t<span class=\"elementor-button-text\">Nossos Contatos<\/span>\n\t\t\t\t\t<\/span>\n\t\t\t\t\t<\/a>\n\t\t<\/div>\n\t\t\t\t<\/div>\n\t\t\t\t<\/div>\n\t\t\t\t<\/div>\n\t\t\t\t<\/div>\n\t\t<div class=\"elementor-element elementor-element-7b42b4e e-con-full e-flex wpr-particle-no wpr-jarallax-no wpr-parallax-no wpr-sticky-section-no e-con e-child\" data-id=\"7b42b4e\" data-element_type=\"container\">\n\t\t\t\t<div class=\"elementor-element elementor-element-e00f1d8 elementor-widget elementor-widget-text-editor\" data-id=\"e00f1d8\" data-element_type=\"widget\" data-widget_type=\"text-editor.default\">\n\t\t\t\t<div class=\"elementor-widget-container\">\n\t\t\t\t\t\t\t<p><strong>ASSIST\u00caNCIA T\u00c9CNICA E EXTENS\u00c3O RURAL \u2013 ATER<\/strong><\/p><p>Contamos hoje com um corpo t\u00e9cnico composto por mais de 70 profissionais, nas mais diversas \u00e1reas do conhecimento, tais como, Engenheiro Agr\u00f4nomo, Zootecnista, T\u00e9cnico Agr\u00edcola, Gestor Ambiental, Engenheiro Cart\u00f3grafo, Bi\u00f3logo, Assistente Social, Advogado, Designer Gr\u00e1fico, Analista de Sistemas, Engenheiro Civil, Arquiteto Engenheiro de Minas e Administrador, que permitem uma presta\u00e7\u00e3o de servi\u00e7o multifinalit\u00e1rio e transdiciplinar.<\/p><p><strong>Setor P\u00fablico:<\/strong><\/p><p>A Legaliza Brasil possui uma \u201cATER 5 G\u201d, de \u00faltima gera\u00e7\u00e3o: inovadora, tecnol\u00f3gica, efetiva, sustent\u00e1vel e geoespacial, e ao mesmo tempo, objetiva, clara, simples, eficiente e acess\u00edvel. A nova ATER precisa inserir o agricultor na sua cadeia produtiva, de forma estrat\u00e9gica, legal e ambientalmente sustent\u00e1vel.<\/p><p>A empresa conta com um corpo t\u00e9cnico altamente especializado em todos os meios de produ\u00e7\u00e3o e etapas do processo, desde as t\u00e9cnicas produtivas, legisla\u00e7\u00f5es aplicadas, regulariza\u00e7\u00e3o fundi\u00e1ria e ambiental, gest\u00e3o do neg\u00f3cio, at\u00e9 sua atua\u00e7\u00e3o no mercado e na comercializa\u00e7\u00e3o, contando com profissionais das ci\u00eancias agr\u00e1rias, direito, engenharia, servi\u00e7o social, administra\u00e7\u00e3o, marketing, meio ambiente, seguran\u00e7a do trabalho, entre outras, que atuar\u00e3o de forma conjunta para proporcionar uma ATER completa aos agricultores acompanhados.<\/p><p>Para a LEGALIZA BRASIL, o mais importante \u00e9 que o agricultor familiar consiga produzir com efici\u00eancia, rentabilidade, qualidade, seguran\u00e7a, legalidade e respeito ao meio ambiente, pois s\u00f3 assim poder\u00e1 viver com dignidade e sustentabilidade.<\/p><p><strong>Setor Privado:<\/strong><\/p><p>A Legaliza Brasil possui uma grande infraestrutura tecnol\u00f3gica, pessoal, de equipamentos, conhecimento e experi\u00eancia que permite prestar uma Assist\u00eancia T\u00e9cnica inovadora, tecnol\u00f3gica, eficiente, sustent\u00e1vel e geoespacial, completa para as EMPRESAS que necessitam fornecer o suporte t\u00e9cnico aos agricultores e fornecedores de seus produtos, ou mesmo subsidiar a extens\u00e3o rural em \u00e1reas diretamente afetadas por seus empreendimentos, garantindo a sustentabilidade de sua atividade.<\/p>\t\t\t\t\t\t<\/div>\n\t\t\t\t<\/div>\n\t\t\t\t<div class=\"elementor-element elementor-element-7dd30a5 elementor-widget elementor-widget-image\" data-id=\"7dd30a5\" data-element_type=\"widget\" data-widget_type=\"image.default\">\n\t\t\t\t<div class=\"elementor-widget-container\">\n\t\t\t\t\t\t\t\t\t\t\t\t\t<img fetchpriority=\"high\" decoding=\"async\" width=\"800\" height=\"398\" src=\"https:\/\/minhaterralegal.com.br\/site\/wp-content\/uploads\/2024\/10\/Imagem-do-WhatsApp-de-2023-03-24-as-21.50.57-1024x509.jpg\" class=\"elementor-animation-grow attachment-large size-large wp-image-18930\" alt=\"\" srcset=\"https:\/\/minhaterralegal.com.br\/site\/wp-content\/uploads\/2024\/10\/Imagem-do-WhatsApp-de-2023-03-24-as-21.50.57-1024x509.jpg 1024w, https:\/\/minhaterralegal.com.br\/site\/wp-content\/uploads\/2024\/10\/Imagem-do-WhatsApp-de-2023-03-24-as-21.50.57-300x149.jpg 300w, https:\/\/minhaterralegal.com.br\/site\/wp-content\/uploads\/2024\/10\/Imagem-do-WhatsApp-de-2023-03-24-as-21.50.57-768x382.jpg 768w, https:\/\/minhaterralegal.com.br\/site\/wp-content\/uploads\/2024\/10\/Imagem-do-WhatsApp-de-2023-03-24-as-21.50.57.jpg 1367w\" sizes=\"(max-width: 800px) 100vw, 800px\" \/>\t\t\t\t\t\t\t\t\t\t\t\t\t<\/div>\n\t\t\t\t<\/div>\n\t\t\t\t<\/div>\n\t\t\t\t\t<\/div>\n\t\t\t\t<\/div>\n\t\t<div class=\"elementor-element elementor-element-08fb08c e-flex e-con-boxed wpr-particle-no wpr-jarallax-no wpr-parallax-no wpr-sticky-section-no e-con e-parent\" data-id=\"08fb08c\" data-element_type=\"container\">\n\t\t\t\t\t<div class=\"e-con-inner\">\n\t\t\t\t\t<\/div>\n\t\t\t\t<\/div>\n\t\t\t\t<\/div>\n\t\t","protected":false},"excerpt":{"rendered":"<p>ASSIST\u00caNCIA T\u00c9CNICA E EXTENS\u00c3O RURAL \u2013 ATER Home Services ASSIST\u00caNCIA T\u00c9CNICA E EXTENS\u00c3O RURAL \u2013 ATER Nossos Servi\u00e7os REURB GEO INTELIG\u00caNCIA ATER Ficou alguma d\u00favida ? Fale conosco aqui! Nossos Contatos ASSIST\u00caNCIA T\u00c9CNICA E EXTENS\u00c3O RURAL \u2013 ATER Contamos hoje com um corpo t\u00e9cnico composto por mais de 70 profissionais, nas mais diversas \u00e1reas do conhecimento, tais como, Engenheiro Agr\u00f4nomo, Zootecnista, T\u00e9cnico Agr\u00edcola, Gestor Ambiental, Engenheiro Cart\u00f3grafo, Bi\u00f3logo, Assistente Social, Advogado, Designer Gr\u00e1fico, Analista de Sistemas, Engenheiro Civil, Arquiteto Engenheiro de Minas e Administrador, que permitem uma presta\u00e7\u00e3o de servi\u00e7o multifinalit\u00e1rio e transdiciplinar. Setor P\u00fablico: A Legaliza Brasil possui uma \u201cATER 5 G\u201d, de \u00faltima gera\u00e7\u00e3o: inovadora, tecnol\u00f3gica, efetiva, sustent\u00e1vel e geoespacial, e ao mesmo tempo, objetiva, clara, simples, eficiente e acess\u00edvel. A nova ATER precisa inserir o agricultor na sua cadeia produtiva, de forma estrat\u00e9gica, legal e ambientalmente sustent\u00e1vel. A empresa conta com um corpo t\u00e9cnico altamente especializado em todos os meios de produ\u00e7\u00e3o e etapas do processo, desde as t\u00e9cnicas produtivas, legisla\u00e7\u00f5es aplicadas, regulariza\u00e7\u00e3o fundi\u00e1ria e ambiental, gest\u00e3o do neg\u00f3cio, at\u00e9 sua atua\u00e7\u00e3o no mercado e na comercializa\u00e7\u00e3o, contando com profissionais das ci\u00eancias agr\u00e1rias, direito, engenharia, servi\u00e7o social, administra\u00e7\u00e3o, marketing, meio ambiente, seguran\u00e7a do trabalho, entre outras, que atuar\u00e3o de forma conjunta para proporcionar uma ATER completa aos agricultores acompanhados. Para a LEGALIZA BRASIL, o mais importante \u00e9 que o agricultor familiar consiga produzir com efici\u00eancia, rentabilidade, qualidade, seguran\u00e7a, legalidade e respeito ao meio ambiente, pois s\u00f3 assim poder\u00e1 viver com dignidade e sustentabilidade. Setor Privado: A Legaliza Brasil possui uma grande infraestrutura tecnol\u00f3gica, pessoal, de equipamentos, conhecimento e experi\u00eancia que permite prestar uma Assist\u00eancia T\u00e9cnica inovadora, tecnol\u00f3gica, eficiente, sustent\u00e1vel e geoespacial, completa para as EMPRESAS que necessitam fornecer o suporte t\u00e9cnico aos agricultores e fornecedores de seus produtos, ou mesmo subsidiar a extens\u00e3o rural em \u00e1reas diretamente afetadas por seus empreendimentos, garantindo a sustentabilidade de sua atividade.<\/p>\n","protected":false},"author":2,"featured_media":0,"parent":0,"menu_order":0,"comment_status":"closed","ping_status":"closed","template":"elementor_header_footer","meta":{"_eb_attr":"","footnotes":""},"class_list":["post-29","page","type-page","status-publish","hentry"],"_links":{"self":[{"href":"https:\/\/minhaterralegal.com.br\/site\/wp-json\/wp\/v2\/pages\/29","targetHints":{"allow":["GET"]}}],"collection":[{"href":"https:\/\/minhaterralegal.com.br\/site\/wp-json\/wp\/v2\/pages"}],"about":[{"href":"https:\/\/minhaterralegal.com.br\/site\/wp-json\/wp\/v2\/types\/page"}],"author":[{"embeddable":true,"href":"https:\/\/minhaterralegal.com.br\/site\/wp-json\/wp\/v2\/users\/2"}],"replies":[{"embeddable":true,"href":"https:\/\/minhaterralegal.com.br\/site\/wp-json\/wp\/v2\/comments?post=29"}],"version-history":[{"count":31,"href":"https:\/\/minhaterralegal.com.br\/site\/wp-json\/wp\/v2\/pages\/29\/revisions"}],"predecessor-version":[{"id":18978,"href":"https:\/\/minhaterralegal.com.br\/site\/wp-json\/wp\/v2\/pages\/29\/revisions\/18978"}],"wp:attachment":[{"href":"https:\/\/minhaterralegal.com.br\/site\/wp-json\/wp\/v2\/media?parent=29"}],"curies":[{"name":"wp","href":"https:\/\/api.w.org\/{rel}","templated":true}]}}